{"id":25,"date":"2021-02-10T19:36:44","date_gmt":"2021-02-10T19:36:44","guid":{"rendered":"https:\/\/vbc.mx\/?page_id=25"},"modified":"2021-06-02T18:52:59","modified_gmt":"2021-06-02T18:52:59","slug":"nosotros","status":"publish","type":"page","link":"https:\/\/vbc.mx\/en\/nosotros\/","title":{"rendered":"About Us"},"content":{"rendered":"","protected":false},"excerpt":{"rendered":"","protected":false},"author":2,"featured_media":0,"parent":0,"menu_order":0,"comment_status":"closed","ping_status":"closed","template":"","meta":{"_acf_changed":false,"_seopress_robots_primary_cat":"","_seopress_titles_title":"L\u00edderes en fabricaci\u00f3n de tapas, envases y botellas pl\u00e1sticas | VBC","_seopress_titles_desc":"Somos una empresa dedicada a la fabricaci\u00f3n de tapas, empaques y tarros de pl\u00e1stico para diversas industrias. Distribuimos nacional e internacionalmente","_seopress_robots_index":"","footnotes":""},"class_list":["post-25","page","type-page","status-publish","hentry"],"acf":[],"_links":{"self":[{"href":"https:\/\/vbc.mx\/en\/wp-json\/wp\/v2\/pages\/25","targetHints":{"allow":["GET"]}}],"collection":[{"href":"https:\/\/vbc.mx\/en\/wp-json\/wp\/v2\/pages"}],"about":[{"href":"https:\/\/vbc.mx\/en\/wp-json\/wp\/v2\/types\/page"}],"author":[{"embeddable":true,"href":"https:\/\/vbc.mx\/en\/wp-json\/wp\/v2\/users\/2"}],"replies":[{"embeddable":true,"href":"https:\/\/vbc.mx\/en\/wp-json\/wp\/v2\/comments?post=25"}],"version-history":[{"count":1,"href":"https:\/\/vbc.mx\/en\/wp-json\/wp\/v2\/pages\/25\/revisions"}],"predecessor-version":[{"id":26,"href":"https:\/\/vbc.mx\/en\/wp-json\/wp\/v2\/pages\/25\/revisions\/26"}],"wp:attachment":[{"href":"https:\/\/vbc.mx\/en\/wp-json\/wp\/v2\/media?parent=25"}],"curies":[{"name":"wp","href":"https:\/\/api.w.org\/{rel}","templated":true}]}}